{"id":8847,"date":"2021-03-09T11:42:34","date_gmt":"2021-03-09T10:42:34","guid":{"rendered":"https:\/\/fibertop.mmgrigliati.com\/processus-de-production\/"},"modified":"2024-07-03T11:15:11","modified_gmt":"2024-07-03T09:15:11","slug":"processus-de-production","status":"publish","type":"page","link":"https:\/\/fibertop.mmgrigliati.com\/fr\/processus-de-production\/","title":{"rendered":"Processus de production"},"content":{"rendered":"<p>Conforme \u00e0 la norme EN 124-5 le processus de production des tampons en PRV est classe C2 (\u201cComposite material C2\u201d Paragraph 4.2 Type of composite materials).\u00a0 Il s&rsquo;agit d&rsquo;un processus de moulage par compression dans un moule ferm\u00e9 \u00e0 temp\u00e9rature contr\u00f4l\u00e9e (SMC) utilisant des r\u00e9sines thermodurcissables (polyester resin), des fibres de verre courtes (chopped strand) et divers additifs.<br \/>\nLe processus de production garantit une excellente mouillabilit\u00e9 des fibres par la matrice polym\u00e8re, \u00e9vite la formation de bulles d&rsquo;air et permet une excellente coh\u00e9sion inter laminaire des composants.<\/p>\n","protected":false},"excerpt":{"rendered":"<p>Conforme \u00e0 la norme EN 124-5 le processus de production des tampons en PRV est classe C2 (\u201cComposite material C2\u201d Paragraph 4.2 Type of composite materials).\u00a0 Il s&rsquo;agit d&rsquo;un processus de moulage par compression dans un moule ferm\u00e9 \u00e0 temp\u00e9rature contr\u00f4l\u00e9e (SMC) utilisant des r\u00e9sines thermodurcissables (polyester resin), des fibres de verre courtes (chopped strand) et divers additifs. Le processus [&hellip;]<\/p>\n","protected":false},"author":1,"featured_media":11558,"parent":0,"menu_order":25,"comment_status":"closed","ping_status":"closed","template":"page-processo-produttivo.php","meta":{"_acf_changed":false,"footnotes":""},"class_list":["post-8847","page","type-page","status-publish","has-post-thumbnail","hentry"],"acf":[],"yoast_head":"<!-- This site is optimized with the Yoast SEO plugin v26.7 - https:\/\/yoast.com\/wordpress\/plugins\/seo\/ -->\n<title>Proc\u00e9d\u00e9 de fabrication de regards de chauss\u00e9e en composite<\/title>\n<meta name=\"description\" content=\"Regards de chauss\u00e9e en composite Fibertop pour regards de voirie. Fabriqu\u00e9s avec des r\u00e9sines thermodurcissables et de la fibre de verre.\" \/>\n<meta name=\"robots\" content=\"index, follow, max-snippet:-1, max-image-preview:large, max-video-preview:-1\" \/>\n<link rel=\"canonical\" href=\"https:\/\/fibertop.mmgrigliati.com\/fr\/processus-de-production\/\" \/>\n<meta property=\"og:locale\" content=\"fr_FR\" \/>\n<meta property=\"og:type\" content=\"article\" \/>\n<meta property=\"og:title\" content=\"Proc\u00e9d\u00e9 de fabrication de regards de chauss\u00e9e en composite\" \/>\n<meta property=\"og:description\" content=\"Regards de chauss\u00e9e en composite Fibertop pour regards de voirie. Fabriqu\u00e9s avec des r\u00e9sines thermodurcissables et de la fibre de verre.\" \/>\n<meta property=\"og:url\" content=\"https:\/\/fibertop.mmgrigliati.com\/fr\/processus-de-production\/\" \/>\n<meta property=\"og:site_name\" content=\"MM\" \/>\n<meta property=\"article:modified_time\" content=\"2024-07-03T09:15:11+00:00\" \/>\n<meta property=\"og:image\" content=\"https:\/\/fibertop.mmgrigliati.com\/wp-content\/uploads\/2021\/05\/pressa-2-607x1024-ok.jpg\" \/>\n\t<meta property=\"og:image:width\" content=\"607\" \/>\n\t<meta property=\"og:image:height\" content=\"1024\" \/>\n\t<meta property=\"og:image:type\" content=\"image\/jpeg\" \/>\n<meta name=\"twitter:card\" content=\"summary_large_image\" \/>\n<meta name=\"twitter:label1\" content=\"Dur\u00e9e de lecture estim\u00e9e\" \/>\n\t<meta name=\"twitter:data1\" content=\"1 minute\" \/>\n<script type=\"application\/ld+json\" class=\"yoast-schema-graph\">{\"@context\":\"https:\/\/schema.org\",\"@graph\":[{\"@type\":\"WebPage\",\"@id\":\"https:\/\/fibertop.mmgrigliati.com\/fr\/processus-de-production\/\",\"url\":\"https:\/\/fibertop.mmgrigliati.com\/fr\/processus-de-production\/\",\"name\":\"Proc\u00e9d\u00e9 de fabrication de regards de chauss\u00e9e en composite\",\"isPartOf\":{\"@id\":\"https:\/\/fibertop.mmgrigliati.com\/#website\"},\"primaryImageOfPage\":{\"@id\":\"https:\/\/fibertop.mmgrigliati.com\/fr\/processus-de-production\/#primaryimage\"},\"image\":{\"@id\":\"https:\/\/fibertop.mmgrigliati.com\/fr\/processus-de-production\/#primaryimage\"},\"thumbnailUrl\":\"https:\/\/fibertop.mmgrigliati.com\/wp-content\/uploads\/2021\/05\/pressa-2-607x1024-ok.jpg\",\"datePublished\":\"2021-03-09T10:42:34+00:00\",\"dateModified\":\"2024-07-03T09:15:11+00:00\",\"description\":\"Regards de chauss\u00e9e en composite Fibertop pour regards de voirie. Fabriqu\u00e9s avec des r\u00e9sines thermodurcissables et de la fibre de verre.\",\"breadcrumb\":{\"@id\":\"https:\/\/fibertop.mmgrigliati.com\/fr\/processus-de-production\/#breadcrumb\"},\"inLanguage\":\"fr-FR\",\"potentialAction\":[{\"@type\":\"ReadAction\",\"target\":[\"https:\/\/fibertop.mmgrigliati.com\/fr\/processus-de-production\/\"]}]},{\"@type\":\"ImageObject\",\"inLanguage\":\"fr-FR\",\"@id\":\"https:\/\/fibertop.mmgrigliati.com\/fr\/processus-de-production\/#primaryimage\",\"url\":\"https:\/\/fibertop.mmgrigliati.com\/wp-content\/uploads\/2021\/05\/pressa-2-607x1024-ok.jpg\",\"contentUrl\":\"https:\/\/fibertop.mmgrigliati.com\/wp-content\/uploads\/2021\/05\/pressa-2-607x1024-ok.jpg\",\"width\":607,\"height\":1024},{\"@type\":\"BreadcrumbList\",\"@id\":\"https:\/\/fibertop.mmgrigliati.com\/fr\/processus-de-production\/#breadcrumb\",\"itemListElement\":[{\"@type\":\"ListItem\",\"position\":1,\"name\":\"Home\",\"item\":\"https:\/\/fibertop.mmgrigliati.com\/\"},{\"@type\":\"ListItem\",\"position\":2,\"name\":\"Processus de production\"}]},{\"@type\":\"WebSite\",\"@id\":\"https:\/\/fibertop.mmgrigliati.com\/#website\",\"url\":\"https:\/\/fibertop.mmgrigliati.com\/\",\"name\":\"M.M.\",\"description\":\"We support your needs\",\"publisher\":{\"@id\":\"https:\/\/fibertop.mmgrigliati.com\/#organization\"},\"potentialAction\":[{\"@type\":\"SearchAction\",\"target\":{\"@type\":\"EntryPoint\",\"urlTemplate\":\"https:\/\/fibertop.mmgrigliati.com\/?s={search_term_string}\"},\"query-input\":{\"@type\":\"PropertyValueSpecification\",\"valueRequired\":true,\"valueName\":\"search_term_string\"}}],\"inLanguage\":\"fr-FR\"},{\"@type\":\"Organization\",\"@id\":\"https:\/\/fibertop.mmgrigliati.com\/#organization\",\"name\":\"M.M.\",\"url\":\"https:\/\/fibertop.mmgrigliati.com\/\",\"logo\":{\"@type\":\"ImageObject\",\"inLanguage\":\"fr-FR\",\"@id\":\"https:\/\/fibertop.mmgrigliati.com\/#\/schema\/logo\/image\/\",\"url\":\"https:\/\/fibertop.mmgrigliati.com\/wp-content\/uploads\/2020\/12\/logo_MM_blue-2.svg\",\"contentUrl\":\"https:\/\/fibertop.mmgrigliati.com\/wp-content\/uploads\/2020\/12\/logo_MM_blue-2.svg\",\"width\":520,\"height\":300,\"caption\":\"M.M.\"},\"image\":{\"@id\":\"https:\/\/fibertop.mmgrigliati.com\/#\/schema\/logo\/image\/\"}}]}<\/script>\n<!-- \/ Yoast SEO plugin. -->","yoast_head_json":{"title":"Proc\u00e9d\u00e9 de fabrication de regards de chauss\u00e9e en composite","description":"Regards de chauss\u00e9e en composite Fibertop pour regards de voirie. Fabriqu\u00e9s avec des r\u00e9sines thermodurcissables et de la fibre de verre.","robots":{"index":"index","follow":"follow","max-snippet":"max-snippet:-1","max-image-preview":"max-image-preview:large","max-video-preview":"max-video-preview:-1"},"canonical":"https:\/\/fibertop.mmgrigliati.com\/fr\/processus-de-production\/","og_locale":"fr_FR","og_type":"article","og_title":"Proc\u00e9d\u00e9 de fabrication de regards de chauss\u00e9e en composite","og_description":"Regards de chauss\u00e9e en composite Fibertop pour regards de voirie. Fabriqu\u00e9s avec des r\u00e9sines thermodurcissables et de la fibre de verre.","og_url":"https:\/\/fibertop.mmgrigliati.com\/fr\/processus-de-production\/","og_site_name":"MM","article_modified_time":"2024-07-03T09:15:11+00:00","og_image":[{"width":607,"height":1024,"url":"https:\/\/fibertop.mmgrigliati.com\/wp-content\/uploads\/2021\/05\/pressa-2-607x1024-ok.jpg","type":"image\/jpeg"}],"twitter_card":"summary_large_image","twitter_misc":{"Dur\u00e9e de lecture estim\u00e9e":"1 minute"},"schema":{"@context":"https:\/\/schema.org","@graph":[{"@type":"WebPage","@id":"https:\/\/fibertop.mmgrigliati.com\/fr\/processus-de-production\/","url":"https:\/\/fibertop.mmgrigliati.com\/fr\/processus-de-production\/","name":"Proc\u00e9d\u00e9 de fabrication de regards de chauss\u00e9e en composite","isPartOf":{"@id":"https:\/\/fibertop.mmgrigliati.com\/#website"},"primaryImageOfPage":{"@id":"https:\/\/fibertop.mmgrigliati.com\/fr\/processus-de-production\/#primaryimage"},"image":{"@id":"https:\/\/fibertop.mmgrigliati.com\/fr\/processus-de-production\/#primaryimage"},"thumbnailUrl":"https:\/\/fibertop.mmgrigliati.com\/wp-content\/uploads\/2021\/05\/pressa-2-607x1024-ok.jpg","datePublished":"2021-03-09T10:42:34+00:00","dateModified":"2024-07-03T09:15:11+00:00","description":"Regards de chauss\u00e9e en composite Fibertop pour regards de voirie. Fabriqu\u00e9s avec des r\u00e9sines thermodurcissables et de la fibre de verre.","breadcrumb":{"@id":"https:\/\/fibertop.mmgrigliati.com\/fr\/processus-de-production\/#breadcrumb"},"inLanguage":"fr-FR","potentialAction":[{"@type":"ReadAction","target":["https:\/\/fibertop.mmgrigliati.com\/fr\/processus-de-production\/"]}]},{"@type":"ImageObject","inLanguage":"fr-FR","@id":"https:\/\/fibertop.mmgrigliati.com\/fr\/processus-de-production\/#primaryimage","url":"https:\/\/fibertop.mmgrigliati.com\/wp-content\/uploads\/2021\/05\/pressa-2-607x1024-ok.jpg","contentUrl":"https:\/\/fibertop.mmgrigliati.com\/wp-content\/uploads\/2021\/05\/pressa-2-607x1024-ok.jpg","width":607,"height":1024},{"@type":"BreadcrumbList","@id":"https:\/\/fibertop.mmgrigliati.com\/fr\/processus-de-production\/#breadcrumb","itemListElement":[{"@type":"ListItem","position":1,"name":"Home","item":"https:\/\/fibertop.mmgrigliati.com\/"},{"@type":"ListItem","position":2,"name":"Processus de production"}]},{"@type":"WebSite","@id":"https:\/\/fibertop.mmgrigliati.com\/#website","url":"https:\/\/fibertop.mmgrigliati.com\/","name":"M.M.","description":"We support your needs","publisher":{"@id":"https:\/\/fibertop.mmgrigliati.com\/#organization"},"potentialAction":[{"@type":"SearchAction","target":{"@type":"EntryPoint","urlTemplate":"https:\/\/fibertop.mmgrigliati.com\/?s={search_term_string}"},"query-input":{"@type":"PropertyValueSpecification","valueRequired":true,"valueName":"search_term_string"}}],"inLanguage":"fr-FR"},{"@type":"Organization","@id":"https:\/\/fibertop.mmgrigliati.com\/#organization","name":"M.M.","url":"https:\/\/fibertop.mmgrigliati.com\/","logo":{"@type":"ImageObject","inLanguage":"fr-FR","@id":"https:\/\/fibertop.mmgrigliati.com\/#\/schema\/logo\/image\/","url":"https:\/\/fibertop.mmgrigliati.com\/wp-content\/uploads\/2020\/12\/logo_MM_blue-2.svg","contentUrl":"https:\/\/fibertop.mmgrigliati.com\/wp-content\/uploads\/2020\/12\/logo_MM_blue-2.svg","width":520,"height":300,"caption":"M.M."},"image":{"@id":"https:\/\/fibertop.mmgrigliati.com\/#\/schema\/logo\/image\/"}}]}},"_links":{"self":[{"href":"https:\/\/fibertop.mmgrigliati.com\/fr\/wp-json\/wp\/v2\/pages\/8847","targetHints":{"allow":["GET"]}}],"collection":[{"href":"https:\/\/fibertop.mmgrigliati.com\/fr\/wp-json\/wp\/v2\/pages"}],"about":[{"href":"https:\/\/fibertop.mmgrigliati.com\/fr\/wp-json\/wp\/v2\/types\/page"}],"author":[{"embeddable":true,"href":"https:\/\/fibertop.mmgrigliati.com\/fr\/wp-json\/wp\/v2\/users\/1"}],"replies":[{"embeddable":true,"href":"https:\/\/fibertop.mmgrigliati.com\/fr\/wp-json\/wp\/v2\/comments?post=8847"}],"version-history":[{"count":8,"href":"https:\/\/fibertop.mmgrigliati.com\/fr\/wp-json\/wp\/v2\/pages\/8847\/revisions"}],"predecessor-version":[{"id":48234,"href":"https:\/\/fibertop.mmgrigliati.com\/fr\/wp-json\/wp\/v2\/pages\/8847\/revisions\/48234"}],"wp:featuredmedia":[{"embeddable":true,"href":"https:\/\/fibertop.mmgrigliati.com\/fr\/wp-json\/wp\/v2\/media\/11558"}],"wp:attachment":[{"href":"https:\/\/fibertop.mmgrigliati.com\/fr\/wp-json\/wp\/v2\/media?parent=8847"}],"curies":[{"name":"wp","href":"https:\/\/api.w.org\/{rel}","templated":true}]}}