{"id":8829,"date":"2021-03-09T11:34:45","date_gmt":"2021-03-09T10:34:45","guid":{"rendered":"https:\/\/fibertop.mmgrigliati.com\/homepage\/haute-resistance\/"},"modified":"2025-01-24T10:46:15","modified_gmt":"2025-01-24T09:46:15","slug":"haute-resistance","status":"publish","type":"page","link":"https:\/\/fibertop.mmgrigliati.com\/fr\/homepage\/haute-resistance\/","title":{"rendered":"Haute r\u00e9sistance"},"content":{"rendered":"<p>FIBERTOP, le couvercle de regard en composite M.M. a pass\u00e9 les m\u00eames tests de charge du couvercle de regard en fonte selon la norme EN 124: 2015 : \u00a0il est donc certainement aussi r\u00e9sistant \u00e0 la charge qu&rsquo;un couvercle de regard en fonte traditionnel.<\/p>\n","protected":false},"excerpt":{"rendered":"<p>FIBERTOP, le couvercle de regard en composite M.M. a pass\u00e9 les m\u00eames tests de charge du couvercle de regard en fonte selon la norme EN 124: 2015 : \u00a0il est donc certainement aussi r\u00e9sistant \u00e0 la charge qu&rsquo;un couvercle de regard en fonte traditionnel.<\/p>\n","protected":false},"author":1,"featured_media":0,"parent":85,"menu_order":15,"comment_status":"closed","ping_status":"closed","template":"","meta":{"_acf_changed":false,"footnotes":""},"class_list":["post-8829","page","type-page","status-publish","hentry"],"acf":[],"yoast_head":"<!-- This site is optimized with the Yoast SEO plugin v26.7 - https:\/\/yoast.com\/wordpress\/plugins\/seo\/ -->\n<title>Haute r\u00e9sistance - MM<\/title>\n<meta name=\"robots\" content=\"index, follow, max-snippet:-1, max-image-preview:large, max-video-preview:-1\" \/>\n<link rel=\"canonical\" href=\"https:\/\/fibertop.mmgrigliati.com\/fr\/homepage\/haute-resistance\/\" \/>\n<meta property=\"og:locale\" content=\"fr_FR\" \/>\n<meta property=\"og:type\" content=\"article\" \/>\n<meta property=\"og:title\" content=\"Haute r\u00e9sistance - MM\" \/>\n<meta property=\"og:description\" content=\"FIBERTOP, le couvercle de regard en composite M.M. a pass\u00e9 les m\u00eames tests de charge du couvercle de regard en fonte selon la norme EN 124: 2015 : \u00a0il est donc certainement aussi r\u00e9sistant \u00e0 la charge qu&rsquo;un couvercle de regard en fonte traditionnel.\" \/>\n<meta property=\"og:url\" content=\"https:\/\/fibertop.mmgrigliati.com\/fr\/homepage\/haute-resistance\/\" \/>\n<meta property=\"og:site_name\" content=\"MM\" \/>\n<meta property=\"article:modified_time\" content=\"2025-01-24T09:46:15+00:00\" \/>\n<meta name=\"twitter:card\" content=\"summary_large_image\" \/>\n<meta name=\"twitter:label1\" content=\"Dur\u00e9e de lecture estim\u00e9e\" \/>\n\t<meta name=\"twitter:data1\" content=\"1 minute\" \/>\n<script type=\"application\/ld+json\" class=\"yoast-schema-graph\">{\"@context\":\"https:\/\/schema.org\",\"@graph\":[{\"@type\":\"WebPage\",\"@id\":\"https:\/\/fibertop.mmgrigliati.com\/fr\/homepage\/haute-resistance\/\",\"url\":\"https:\/\/fibertop.mmgrigliati.com\/fr\/homepage\/haute-resistance\/\",\"name\":\"Haute r\u00e9sistance - MM\",\"isPartOf\":{\"@id\":\"https:\/\/fibertop.mmgrigliati.com\/#website\"},\"datePublished\":\"2021-03-09T10:34:45+00:00\",\"dateModified\":\"2025-01-24T09:46:15+00:00\",\"breadcrumb\":{\"@id\":\"https:\/\/fibertop.mmgrigliati.com\/fr\/homepage\/haute-resistance\/#breadcrumb\"},\"inLanguage\":\"fr-FR\",\"potentialAction\":[{\"@type\":\"ReadAction\",\"target\":[\"https:\/\/fibertop.mmgrigliati.com\/fr\/homepage\/haute-resistance\/\"]}]},{\"@type\":\"BreadcrumbList\",\"@id\":\"https:\/\/fibertop.mmgrigliati.com\/fr\/homepage\/haute-resistance\/#breadcrumb\",\"itemListElement\":[{\"@type\":\"ListItem\",\"position\":1,\"name\":\"Home\",\"item\":\"https:\/\/fibertop.mmgrigliati.com\/\"},{\"@type\":\"ListItem\",\"position\":2,\"name\":\"Homepage\",\"item\":\"https:\/\/fibertop.mmgrigliati.com\/\"},{\"@type\":\"ListItem\",\"position\":3,\"name\":\"Haute r\u00e9sistance\"}]},{\"@type\":\"WebSite\",\"@id\":\"https:\/\/fibertop.mmgrigliati.com\/#website\",\"url\":\"https:\/\/fibertop.mmgrigliati.com\/\",\"name\":\"M.M.\",\"description\":\"We support your needs\",\"publisher\":{\"@id\":\"https:\/\/fibertop.mmgrigliati.com\/#organization\"},\"potentialAction\":[{\"@type\":\"SearchAction\",\"target\":{\"@type\":\"EntryPoint\",\"urlTemplate\":\"https:\/\/fibertop.mmgrigliati.com\/?s={search_term_string}\"},\"query-input\":{\"@type\":\"PropertyValueSpecification\",\"valueRequired\":true,\"valueName\":\"search_term_string\"}}],\"inLanguage\":\"fr-FR\"},{\"@type\":\"Organization\",\"@id\":\"https:\/\/fibertop.mmgrigliati.com\/#organization\",\"name\":\"M.M.\",\"url\":\"https:\/\/fibertop.mmgrigliati.com\/\",\"logo\":{\"@type\":\"ImageObject\",\"inLanguage\":\"fr-FR\",\"@id\":\"https:\/\/fibertop.mmgrigliati.com\/#\/schema\/logo\/image\/\",\"url\":\"https:\/\/fibertop.mmgrigliati.com\/wp-content\/uploads\/2020\/12\/logo_MM_blue-2.svg\",\"contentUrl\":\"https:\/\/fibertop.mmgrigliati.com\/wp-content\/uploads\/2020\/12\/logo_MM_blue-2.svg\",\"width\":520,\"height\":300,\"caption\":\"M.M.\"},\"image\":{\"@id\":\"https:\/\/fibertop.mmgrigliati.com\/#\/schema\/logo\/image\/\"}}]}<\/script>\n<!-- \/ Yoast SEO plugin. -->","yoast_head_json":{"title":"Haute r\u00e9sistance - MM","robots":{"index":"index","follow":"follow","max-snippet":"max-snippet:-1","max-image-preview":"max-image-preview:large","max-video-preview":"max-video-preview:-1"},"canonical":"https:\/\/fibertop.mmgrigliati.com\/fr\/homepage\/haute-resistance\/","og_locale":"fr_FR","og_type":"article","og_title":"Haute r\u00e9sistance - MM","og_description":"FIBERTOP, le couvercle de regard en composite M.M. a pass\u00e9 les m\u00eames tests de charge du couvercle de regard en fonte selon la norme EN 124: 2015 : \u00a0il est donc certainement aussi r\u00e9sistant \u00e0 la charge qu&rsquo;un couvercle de regard en fonte traditionnel.","og_url":"https:\/\/fibertop.mmgrigliati.com\/fr\/homepage\/haute-resistance\/","og_site_name":"MM","article_modified_time":"2025-01-24T09:46:15+00:00","twitter_card":"summary_large_image","twitter_misc":{"Dur\u00e9e de lecture estim\u00e9e":"1 minute"},"schema":{"@context":"https:\/\/schema.org","@graph":[{"@type":"WebPage","@id":"https:\/\/fibertop.mmgrigliati.com\/fr\/homepage\/haute-resistance\/","url":"https:\/\/fibertop.mmgrigliati.com\/fr\/homepage\/haute-resistance\/","name":"Haute r\u00e9sistance - MM","isPartOf":{"@id":"https:\/\/fibertop.mmgrigliati.com\/#website"},"datePublished":"2021-03-09T10:34:45+00:00","dateModified":"2025-01-24T09:46:15+00:00","breadcrumb":{"@id":"https:\/\/fibertop.mmgrigliati.com\/fr\/homepage\/haute-resistance\/#breadcrumb"},"inLanguage":"fr-FR","potentialAction":[{"@type":"ReadAction","target":["https:\/\/fibertop.mmgrigliati.com\/fr\/homepage\/haute-resistance\/"]}]},{"@type":"BreadcrumbList","@id":"https:\/\/fibertop.mmgrigliati.com\/fr\/homepage\/haute-resistance\/#breadcrumb","itemListElement":[{"@type":"ListItem","position":1,"name":"Home","item":"https:\/\/fibertop.mmgrigliati.com\/"},{"@type":"ListItem","position":2,"name":"Homepage","item":"https:\/\/fibertop.mmgrigliati.com\/"},{"@type":"ListItem","position":3,"name":"Haute r\u00e9sistance"}]},{"@type":"WebSite","@id":"https:\/\/fibertop.mmgrigliati.com\/#website","url":"https:\/\/fibertop.mmgrigliati.com\/","name":"M.M.","description":"We support your needs","publisher":{"@id":"https:\/\/fibertop.mmgrigliati.com\/#organization"},"potentialAction":[{"@type":"SearchAction","target":{"@type":"EntryPoint","urlTemplate":"https:\/\/fibertop.mmgrigliati.com\/?s={search_term_string}"},"query-input":{"@type":"PropertyValueSpecification","valueRequired":true,"valueName":"search_term_string"}}],"inLanguage":"fr-FR"},{"@type":"Organization","@id":"https:\/\/fibertop.mmgrigliati.com\/#organization","name":"M.M.","url":"https:\/\/fibertop.mmgrigliati.com\/","logo":{"@type":"ImageObject","inLanguage":"fr-FR","@id":"https:\/\/fibertop.mmgrigliati.com\/#\/schema\/logo\/image\/","url":"https:\/\/fibertop.mmgrigliati.com\/wp-content\/uploads\/2020\/12\/logo_MM_blue-2.svg","contentUrl":"https:\/\/fibertop.mmgrigliati.com\/wp-content\/uploads\/2020\/12\/logo_MM_blue-2.svg","width":520,"height":300,"caption":"M.M."},"image":{"@id":"https:\/\/fibertop.mmgrigliati.com\/#\/schema\/logo\/image\/"}}]}},"_links":{"self":[{"href":"https:\/\/fibertop.mmgrigliati.com\/fr\/wp-json\/wp\/v2\/pages\/8829","targetHints":{"allow":["GET"]}}],"collection":[{"href":"https:\/\/fibertop.mmgrigliati.com\/fr\/wp-json\/wp\/v2\/pages"}],"about":[{"href":"https:\/\/fibertop.mmgrigliati.com\/fr\/wp-json\/wp\/v2\/types\/page"}],"author":[{"embeddable":true,"href":"https:\/\/fibertop.mmgrigliati.com\/fr\/wp-json\/wp\/v2\/users\/1"}],"replies":[{"embeddable":true,"href":"https:\/\/fibertop.mmgrigliati.com\/fr\/wp-json\/wp\/v2\/comments?post=8829"}],"version-history":[{"count":9,"href":"https:\/\/fibertop.mmgrigliati.com\/fr\/wp-json\/wp\/v2\/pages\/8829\/revisions"}],"predecessor-version":[{"id":51793,"href":"https:\/\/fibertop.mmgrigliati.com\/fr\/wp-json\/wp\/v2\/pages\/8829\/revisions\/51793"}],"up":[{"embeddable":true,"href":"https:\/\/fibertop.mmgrigliati.com\/fr\/wp-json\/wp\/v2\/pages\/85"}],"wp:attachment":[{"href":"https:\/\/fibertop.mmgrigliati.com\/fr\/wp-json\/wp\/v2\/media?parent=8829"}],"curies":[{"name":"wp","href":"https:\/\/api.w.org\/{rel}","templated":true}]}}