{"id":85,"date":"2020-12-05T15:58:14","date_gmt":"2020-12-05T14:58:14","guid":{"rendered":"https:\/\/fibertop.mmgrigliati.com\/?page_id=85"},"modified":"2022-08-30T12:04:20","modified_gmt":"2022-08-30T10:04:20","slug":"homepage","status":"publish","type":"page","link":"https:\/\/fibertop.mmgrigliati.com\/fr\/","title":{"rendered":"Homepage"},"content":{"rendered":"","protected":false},"excerpt":{"rendered":"","protected":false},"author":1,"featured_media":0,"parent":0,"menu_order":9,"comment_status":"closed","ping_status":"closed","template":"page-home.php","meta":{"_acf_changed":false,"footnotes":""},"class_list":["post-85","page","type-page","status-publish","hentry"],"acf":[],"yoast_head":"<!-- This site is optimized with the Yoast SEO plugin v26.7 - https:\/\/yoast.com\/wordpress\/plugins\/seo\/ -->\n<title>Couvercles de regard FIBERTOP en fibre de verre GRP haute r\u00e9sistance<\/title>\n<meta name=\"description\" content=\"D\u00e9couvrez FIBERTOP, les plaques d&#039;\u00e9gout en fibre de verre GRP de M.M. caillebotis haute r\u00e9sistance respectueux de l&#039;environnement.\" \/>\n<meta name=\"robots\" content=\"index, follow, max-snippet:-1, max-image-preview:large, max-video-preview:-1\" \/>\n<link rel=\"canonical\" href=\"https:\/\/fibertop.mmgrigliati.com\/\" \/>\n<meta property=\"og:locale\" content=\"fr_FR\" \/>\n<meta property=\"og:type\" content=\"article\" \/>\n<meta property=\"og:title\" content=\"Couvercles de regard FIBERTOP en fibre de verre GRP haute r\u00e9sistance\" \/>\n<meta property=\"og:description\" content=\"D\u00e9couvrez FIBERTOP, les plaques d&#039;\u00e9gout en fibre de verre GRP de M.M. caillebotis haute r\u00e9sistance respectueux de l&#039;environnement.\" \/>\n<meta property=\"og:url\" content=\"https:\/\/fibertop.mmgrigliati.com\/\" \/>\n<meta property=\"og:site_name\" content=\"MM\" \/>\n<meta property=\"article:modified_time\" content=\"2022-08-30T10:04:20+00:00\" \/>\n<meta name=\"twitter:card\" content=\"summary_large_image\" \/>\n<script type=\"application\/ld+json\" class=\"yoast-schema-graph\">{\"@context\":\"https:\/\/schema.org\",\"@graph\":[{\"@type\":\"WebPage\",\"@id\":\"https:\/\/fibertop.mmgrigliati.com\/\",\"url\":\"https:\/\/fibertop.mmgrigliati.com\/\",\"name\":\"Couvercles de regard FIBERTOP en fibre de verre GRP haute r\u00e9sistance\",\"isPartOf\":{\"@id\":\"https:\/\/fibertop.mmgrigliati.com\/#website\"},\"datePublished\":\"2020-12-05T14:58:14+00:00\",\"dateModified\":\"2022-08-30T10:04:20+00:00\",\"description\":\"D\u00e9couvrez FIBERTOP, les plaques d'\u00e9gout en fibre de verre GRP de M.M. caillebotis haute r\u00e9sistance respectueux de l'environnement.\",\"breadcrumb\":{\"@id\":\"https:\/\/fibertop.mmgrigliati.com\/#breadcrumb\"},\"inLanguage\":\"fr-FR\",\"potentialAction\":[{\"@type\":\"ReadAction\",\"target\":[\"https:\/\/fibertop.mmgrigliati.com\/\"]}]},{\"@type\":\"BreadcrumbList\",\"@id\":\"https:\/\/fibertop.mmgrigliati.com\/#breadcrumb\",\"itemListElement\":[{\"@type\":\"ListItem\",\"position\":1,\"name\":\"Home\",\"item\":\"https:\/\/fibertop.mmgrigliati.com\/\"},{\"@type\":\"ListItem\",\"position\":2,\"name\":\"Homepage\"}]},{\"@type\":\"WebSite\",\"@id\":\"https:\/\/fibertop.mmgrigliati.com\/#website\",\"url\":\"https:\/\/fibertop.mmgrigliati.com\/\",\"name\":\"M.M.\",\"description\":\"We support your needs\",\"publisher\":{\"@id\":\"https:\/\/fibertop.mmgrigliati.com\/#organization\"},\"potentialAction\":[{\"@type\":\"SearchAction\",\"target\":{\"@type\":\"EntryPoint\",\"urlTemplate\":\"https:\/\/fibertop.mmgrigliati.com\/?s={search_term_string}\"},\"query-input\":{\"@type\":\"PropertyValueSpecification\",\"valueRequired\":true,\"valueName\":\"search_term_string\"}}],\"inLanguage\":\"fr-FR\"},{\"@type\":\"Organization\",\"@id\":\"https:\/\/fibertop.mmgrigliati.com\/#organization\",\"name\":\"M.M.\",\"url\":\"https:\/\/fibertop.mmgrigliati.com\/\",\"logo\":{\"@type\":\"ImageObject\",\"inLanguage\":\"fr-FR\",\"@id\":\"https:\/\/fibertop.mmgrigliati.com\/#\/schema\/logo\/image\/\",\"url\":\"https:\/\/fibertop.mmgrigliati.com\/wp-content\/uploads\/2020\/12\/logo_MM_blue-2.svg\",\"contentUrl\":\"https:\/\/fibertop.mmgrigliati.com\/wp-content\/uploads\/2020\/12\/logo_MM_blue-2.svg\",\"width\":520,\"height\":300,\"caption\":\"M.M.\"},\"image\":{\"@id\":\"https:\/\/fibertop.mmgrigliati.com\/#\/schema\/logo\/image\/\"}}]}<\/script>\n<!-- \/ Yoast SEO plugin. -->","yoast_head_json":{"title":"Couvercles de regard FIBERTOP en fibre de verre GRP haute r\u00e9sistance","description":"D\u00e9couvrez FIBERTOP, les plaques d'\u00e9gout en fibre de verre GRP de M.M. caillebotis haute r\u00e9sistance respectueux de l'environnement.","robots":{"index":"index","follow":"follow","max-snippet":"max-snippet:-1","max-image-preview":"max-image-preview:large","max-video-preview":"max-video-preview:-1"},"canonical":"https:\/\/fibertop.mmgrigliati.com\/","og_locale":"fr_FR","og_type":"article","og_title":"Couvercles de regard FIBERTOP en fibre de verre GRP haute r\u00e9sistance","og_description":"D\u00e9couvrez FIBERTOP, les plaques d'\u00e9gout en fibre de verre GRP de M.M. caillebotis haute r\u00e9sistance respectueux de l'environnement.","og_url":"https:\/\/fibertop.mmgrigliati.com\/","og_site_name":"MM","article_modified_time":"2022-08-30T10:04:20+00:00","twitter_card":"summary_large_image","schema":{"@context":"https:\/\/schema.org","@graph":[{"@type":"WebPage","@id":"https:\/\/fibertop.mmgrigliati.com\/","url":"https:\/\/fibertop.mmgrigliati.com\/","name":"Couvercles de regard FIBERTOP en fibre de verre GRP haute r\u00e9sistance","isPartOf":{"@id":"https:\/\/fibertop.mmgrigliati.com\/#website"},"datePublished":"2020-12-05T14:58:14+00:00","dateModified":"2022-08-30T10:04:20+00:00","description":"D\u00e9couvrez FIBERTOP, les plaques d'\u00e9gout en fibre de verre GRP de M.M. caillebotis haute r\u00e9sistance respectueux de l'environnement.","breadcrumb":{"@id":"https:\/\/fibertop.mmgrigliati.com\/#breadcrumb"},"inLanguage":"fr-FR","potentialAction":[{"@type":"ReadAction","target":["https:\/\/fibertop.mmgrigliati.com\/"]}]},{"@type":"BreadcrumbList","@id":"https:\/\/fibertop.mmgrigliati.com\/#breadcrumb","itemListElement":[{"@type":"ListItem","position":1,"name":"Home","item":"https:\/\/fibertop.mmgrigliati.com\/"},{"@type":"ListItem","position":2,"name":"Homepage"}]},{"@type":"WebSite","@id":"https:\/\/fibertop.mmgrigliati.com\/#website","url":"https:\/\/fibertop.mmgrigliati.com\/","name":"M.M.","description":"We support your needs","publisher":{"@id":"https:\/\/fibertop.mmgrigliati.com\/#organization"},"potentialAction":[{"@type":"SearchAction","target":{"@type":"EntryPoint","urlTemplate":"https:\/\/fibertop.mmgrigliati.com\/?s={search_term_string}"},"query-input":{"@type":"PropertyValueSpecification","valueRequired":true,"valueName":"search_term_string"}}],"inLanguage":"fr-FR"},{"@type":"Organization","@id":"https:\/\/fibertop.mmgrigliati.com\/#organization","name":"M.M.","url":"https:\/\/fibertop.mmgrigliati.com\/","logo":{"@type":"ImageObject","inLanguage":"fr-FR","@id":"https:\/\/fibertop.mmgrigliati.com\/#\/schema\/logo\/image\/","url":"https:\/\/fibertop.mmgrigliati.com\/wp-content\/uploads\/2020\/12\/logo_MM_blue-2.svg","contentUrl":"https:\/\/fibertop.mmgrigliati.com\/wp-content\/uploads\/2020\/12\/logo_MM_blue-2.svg","width":520,"height":300,"caption":"M.M."},"image":{"@id":"https:\/\/fibertop.mmgrigliati.com\/#\/schema\/logo\/image\/"}}]}},"_links":{"self":[{"href":"https:\/\/fibertop.mmgrigliati.com\/fr\/wp-json\/wp\/v2\/pages\/85","targetHints":{"allow":["GET"]}}],"collection":[{"href":"https:\/\/fibertop.mmgrigliati.com\/fr\/wp-json\/wp\/v2\/pages"}],"about":[{"href":"https:\/\/fibertop.mmgrigliati.com\/fr\/wp-json\/wp\/v2\/types\/page"}],"author":[{"embeddable":true,"href":"https:\/\/fibertop.mmgrigliati.com\/fr\/wp-json\/wp\/v2\/users\/1"}],"replies":[{"embeddable":true,"href":"https:\/\/fibertop.mmgrigliati.com\/fr\/wp-json\/wp\/v2\/comments?post=85"}],"version-history":[{"count":8,"href":"https:\/\/fibertop.mmgrigliati.com\/fr\/wp-json\/wp\/v2\/pages\/85\/revisions"}],"predecessor-version":[{"id":11530,"href":"https:\/\/fibertop.mmgrigliati.com\/fr\/wp-json\/wp\/v2\/pages\/85\/revisions\/11530"}],"wp:attachment":[{"href":"https:\/\/fibertop.mmgrigliati.com\/fr\/wp-json\/wp\/v2\/media?parent=85"}],"curies":[{"name":"wp","href":"https:\/\/api.w.org\/{rel}","templated":true}]}}