{"id":8849,"date":"2021-03-09T11:43:24","date_gmt":"2021-03-09T10:43:24","guid":{"rendered":"https:\/\/fibertop.mmgrigliati.com\/proceso-productivo\/"},"modified":"2024-07-03T11:15:54","modified_gmt":"2024-07-03T09:15:54","slug":"proceso-productivo","status":"publish","type":"page","link":"https:\/\/fibertop.mmgrigliati.com\/es\/proceso-productivo\/","title":{"rendered":"Proceso productivo"},"content":{"rendered":"<p>Seg\u00fan lo indicado en la norma EN 124:2015, el proceso de producci\u00f3n de las tapas de registro es de clase C2 (\u201cComposite material C2\u201d Punto 4.2 Type of composite materials). Este es un proceso de moldeo por compresi\u00f3n en molde cerrado a temperatura controlada (SMC) que utiliza resinas termoestables (poli\u00e9ster), fibras de vidrio cortas (chopped strand) y varios aditivos. El proceso de producci\u00f3n garantiza una excelente humectabilidad de las fibras por la matriz polim\u00e9rica, evita la formaci\u00f3n de burbujas de aire y permite una excelente cohesi\u00f3n interlaminar de los componentes.<\/p>\n","protected":false},"excerpt":{"rendered":"<p>Seg\u00fan lo indicado en la norma EN 124:2015, el proceso de producci\u00f3n de las tapas de registro es de clase C2 (\u201cComposite material C2\u201d Punto 4.2 Type of composite materials). Este es un proceso de moldeo por compresi\u00f3n en molde cerrado a temperatura controlada (SMC) que utiliza resinas termoestables (poli\u00e9ster), fibras de vidrio cortas (chopped strand) y varios aditivos. El [&hellip;]<\/p>\n","protected":false},"author":1,"featured_media":11560,"parent":0,"menu_order":25,"comment_status":"closed","ping_status":"closed","template":"page-processo-produttivo.php","meta":{"_acf_changed":false,"footnotes":""},"class_list":["post-8849","page","type-page","status-publish","has-post-thumbnail","hentry"],"acf":[],"yoast_head":"<!-- This site is optimized with the Yoast SEO plugin v26.7 - https:\/\/yoast.com\/wordpress\/plugins\/seo\/ -->\n<title>Proceso de producci\u00f3n de tapas de pozos de composite<\/title>\n<meta name=\"description\" content=\"Tapas de pozos de composite Fibertop para pozos de carretera. Fabricadas con resinas termoendurecientes y fibra de vidrio.\" \/>\n<meta name=\"robots\" content=\"index, follow, max-snippet:-1, max-image-preview:large, max-video-preview:-1\" \/>\n<link rel=\"canonical\" href=\"https:\/\/fibertop.mmgrigliati.com\/es\/proceso-productivo\/\" \/>\n<meta property=\"og:locale\" content=\"es_ES\" \/>\n<meta property=\"og:type\" content=\"article\" \/>\n<meta property=\"og:title\" content=\"Proceso de producci\u00f3n de tapas de pozos de composite\" \/>\n<meta property=\"og:description\" content=\"Tapas de pozos de composite Fibertop para pozos de carretera. Fabricadas con resinas termoendurecientes y fibra de vidrio.\" \/>\n<meta property=\"og:url\" content=\"https:\/\/fibertop.mmgrigliati.com\/es\/proceso-productivo\/\" \/>\n<meta property=\"og:site_name\" content=\"MM\" \/>\n<meta property=\"article:modified_time\" content=\"2024-07-03T09:15:54+00:00\" \/>\n<meta property=\"og:image\" content=\"https:\/\/fibertop.mmgrigliati.com\/wp-content\/uploads\/2021\/05\/pressa-2-607x1024-ok.jpg\" \/>\n\t<meta property=\"og:image:width\" content=\"607\" \/>\n\t<meta property=\"og:image:height\" content=\"1024\" \/>\n\t<meta property=\"og:image:type\" content=\"image\/jpeg\" \/>\n<meta name=\"twitter:card\" content=\"summary_large_image\" \/>\n<meta name=\"twitter:label1\" content=\"Tiempo de lectura\" \/>\n\t<meta name=\"twitter:data1\" content=\"1 minuto\" \/>\n<script type=\"application\/ld+json\" class=\"yoast-schema-graph\">{\"@context\":\"https:\/\/schema.org\",\"@graph\":[{\"@type\":\"WebPage\",\"@id\":\"https:\/\/fibertop.mmgrigliati.com\/es\/proceso-productivo\/\",\"url\":\"https:\/\/fibertop.mmgrigliati.com\/es\/proceso-productivo\/\",\"name\":\"Proceso de producci\u00f3n de tapas de pozos de composite\",\"isPartOf\":{\"@id\":\"https:\/\/fibertop.mmgrigliati.com\/#website\"},\"primaryImageOfPage\":{\"@id\":\"https:\/\/fibertop.mmgrigliati.com\/es\/proceso-productivo\/#primaryimage\"},\"image\":{\"@id\":\"https:\/\/fibertop.mmgrigliati.com\/es\/proceso-productivo\/#primaryimage\"},\"thumbnailUrl\":\"https:\/\/fibertop.mmgrigliati.com\/wp-content\/uploads\/2021\/05\/pressa-2-607x1024-ok.jpg\",\"datePublished\":\"2021-03-09T10:43:24+00:00\",\"dateModified\":\"2024-07-03T09:15:54+00:00\",\"description\":\"Tapas de pozos de composite Fibertop para pozos de carretera. Fabricadas con resinas termoendurecientes y fibra de vidrio.\",\"breadcrumb\":{\"@id\":\"https:\/\/fibertop.mmgrigliati.com\/es\/proceso-productivo\/#breadcrumb\"},\"inLanguage\":\"es\",\"potentialAction\":[{\"@type\":\"ReadAction\",\"target\":[\"https:\/\/fibertop.mmgrigliati.com\/es\/proceso-productivo\/\"]}]},{\"@type\":\"ImageObject\",\"inLanguage\":\"es\",\"@id\":\"https:\/\/fibertop.mmgrigliati.com\/es\/proceso-productivo\/#primaryimage\",\"url\":\"https:\/\/fibertop.mmgrigliati.com\/wp-content\/uploads\/2021\/05\/pressa-2-607x1024-ok.jpg\",\"contentUrl\":\"https:\/\/fibertop.mmgrigliati.com\/wp-content\/uploads\/2021\/05\/pressa-2-607x1024-ok.jpg\",\"width\":607,\"height\":1024},{\"@type\":\"BreadcrumbList\",\"@id\":\"https:\/\/fibertop.mmgrigliati.com\/es\/proceso-productivo\/#breadcrumb\",\"itemListElement\":[{\"@type\":\"ListItem\",\"position\":1,\"name\":\"Home\",\"item\":\"https:\/\/fibertop.mmgrigliati.com\/\"},{\"@type\":\"ListItem\",\"position\":2,\"name\":\"Proceso productivo\"}]},{\"@type\":\"WebSite\",\"@id\":\"https:\/\/fibertop.mmgrigliati.com\/#website\",\"url\":\"https:\/\/fibertop.mmgrigliati.com\/\",\"name\":\"M.M.\",\"description\":\"We support your needs\",\"publisher\":{\"@id\":\"https:\/\/fibertop.mmgrigliati.com\/#organization\"},\"potentialAction\":[{\"@type\":\"SearchAction\",\"target\":{\"@type\":\"EntryPoint\",\"urlTemplate\":\"https:\/\/fibertop.mmgrigliati.com\/?s={search_term_string}\"},\"query-input\":{\"@type\":\"PropertyValueSpecification\",\"valueRequired\":true,\"valueName\":\"search_term_string\"}}],\"inLanguage\":\"es\"},{\"@type\":\"Organization\",\"@id\":\"https:\/\/fibertop.mmgrigliati.com\/#organization\",\"name\":\"M.M.\",\"url\":\"https:\/\/fibertop.mmgrigliati.com\/\",\"logo\":{\"@type\":\"ImageObject\",\"inLanguage\":\"es\",\"@id\":\"https:\/\/fibertop.mmgrigliati.com\/#\/schema\/logo\/image\/\",\"url\":\"https:\/\/fibertop.mmgrigliati.com\/wp-content\/uploads\/2020\/12\/logo_MM_blue-2.svg\",\"contentUrl\":\"https:\/\/fibertop.mmgrigliati.com\/wp-content\/uploads\/2020\/12\/logo_MM_blue-2.svg\",\"width\":520,\"height\":300,\"caption\":\"M.M.\"},\"image\":{\"@id\":\"https:\/\/fibertop.mmgrigliati.com\/#\/schema\/logo\/image\/\"}}]}<\/script>\n<!-- \/ Yoast SEO plugin. -->","yoast_head_json":{"title":"Proceso de producci\u00f3n de tapas de pozos de composite","description":"Tapas de pozos de composite Fibertop para pozos de carretera. Fabricadas con resinas termoendurecientes y fibra de vidrio.","robots":{"index":"index","follow":"follow","max-snippet":"max-snippet:-1","max-image-preview":"max-image-preview:large","max-video-preview":"max-video-preview:-1"},"canonical":"https:\/\/fibertop.mmgrigliati.com\/es\/proceso-productivo\/","og_locale":"es_ES","og_type":"article","og_title":"Proceso de producci\u00f3n de tapas de pozos de composite","og_description":"Tapas de pozos de composite Fibertop para pozos de carretera. Fabricadas con resinas termoendurecientes y fibra de vidrio.","og_url":"https:\/\/fibertop.mmgrigliati.com\/es\/proceso-productivo\/","og_site_name":"MM","article_modified_time":"2024-07-03T09:15:54+00:00","og_image":[{"width":607,"height":1024,"url":"https:\/\/fibertop.mmgrigliati.com\/wp-content\/uploads\/2021\/05\/pressa-2-607x1024-ok.jpg","type":"image\/jpeg"}],"twitter_card":"summary_large_image","twitter_misc":{"Tiempo de lectura":"1 minuto"},"schema":{"@context":"https:\/\/schema.org","@graph":[{"@type":"WebPage","@id":"https:\/\/fibertop.mmgrigliati.com\/es\/proceso-productivo\/","url":"https:\/\/fibertop.mmgrigliati.com\/es\/proceso-productivo\/","name":"Proceso de producci\u00f3n de tapas de pozos de composite","isPartOf":{"@id":"https:\/\/fibertop.mmgrigliati.com\/#website"},"primaryImageOfPage":{"@id":"https:\/\/fibertop.mmgrigliati.com\/es\/proceso-productivo\/#primaryimage"},"image":{"@id":"https:\/\/fibertop.mmgrigliati.com\/es\/proceso-productivo\/#primaryimage"},"thumbnailUrl":"https:\/\/fibertop.mmgrigliati.com\/wp-content\/uploads\/2021\/05\/pressa-2-607x1024-ok.jpg","datePublished":"2021-03-09T10:43:24+00:00","dateModified":"2024-07-03T09:15:54+00:00","description":"Tapas de pozos de composite Fibertop para pozos de carretera. Fabricadas con resinas termoendurecientes y fibra de vidrio.","breadcrumb":{"@id":"https:\/\/fibertop.mmgrigliati.com\/es\/proceso-productivo\/#breadcrumb"},"inLanguage":"es","potentialAction":[{"@type":"ReadAction","target":["https:\/\/fibertop.mmgrigliati.com\/es\/proceso-productivo\/"]}]},{"@type":"ImageObject","inLanguage":"es","@id":"https:\/\/fibertop.mmgrigliati.com\/es\/proceso-productivo\/#primaryimage","url":"https:\/\/fibertop.mmgrigliati.com\/wp-content\/uploads\/2021\/05\/pressa-2-607x1024-ok.jpg","contentUrl":"https:\/\/fibertop.mmgrigliati.com\/wp-content\/uploads\/2021\/05\/pressa-2-607x1024-ok.jpg","width":607,"height":1024},{"@type":"BreadcrumbList","@id":"https:\/\/fibertop.mmgrigliati.com\/es\/proceso-productivo\/#breadcrumb","itemListElement":[{"@type":"ListItem","position":1,"name":"Home","item":"https:\/\/fibertop.mmgrigliati.com\/"},{"@type":"ListItem","position":2,"name":"Proceso productivo"}]},{"@type":"WebSite","@id":"https:\/\/fibertop.mmgrigliati.com\/#website","url":"https:\/\/fibertop.mmgrigliati.com\/","name":"M.M.","description":"We support your needs","publisher":{"@id":"https:\/\/fibertop.mmgrigliati.com\/#organization"},"potentialAction":[{"@type":"SearchAction","target":{"@type":"EntryPoint","urlTemplate":"https:\/\/fibertop.mmgrigliati.com\/?s={search_term_string}"},"query-input":{"@type":"PropertyValueSpecification","valueRequired":true,"valueName":"search_term_string"}}],"inLanguage":"es"},{"@type":"Organization","@id":"https:\/\/fibertop.mmgrigliati.com\/#organization","name":"M.M.","url":"https:\/\/fibertop.mmgrigliati.com\/","logo":{"@type":"ImageObject","inLanguage":"es","@id":"https:\/\/fibertop.mmgrigliati.com\/#\/schema\/logo\/image\/","url":"https:\/\/fibertop.mmgrigliati.com\/wp-content\/uploads\/2020\/12\/logo_MM_blue-2.svg","contentUrl":"https:\/\/fibertop.mmgrigliati.com\/wp-content\/uploads\/2020\/12\/logo_MM_blue-2.svg","width":520,"height":300,"caption":"M.M."},"image":{"@id":"https:\/\/fibertop.mmgrigliati.com\/#\/schema\/logo\/image\/"}}]}},"_links":{"self":[{"href":"https:\/\/fibertop.mmgrigliati.com\/es\/wp-json\/wp\/v2\/pages\/8849","targetHints":{"allow":["GET"]}}],"collection":[{"href":"https:\/\/fibertop.mmgrigliati.com\/es\/wp-json\/wp\/v2\/pages"}],"about":[{"href":"https:\/\/fibertop.mmgrigliati.com\/es\/wp-json\/wp\/v2\/types\/page"}],"author":[{"embeddable":true,"href":"https:\/\/fibertop.mmgrigliati.com\/es\/wp-json\/wp\/v2\/users\/1"}],"replies":[{"embeddable":true,"href":"https:\/\/fibertop.mmgrigliati.com\/es\/wp-json\/wp\/v2\/comments?post=8849"}],"version-history":[{"count":8,"href":"https:\/\/fibertop.mmgrigliati.com\/es\/wp-json\/wp\/v2\/pages\/8849\/revisions"}],"predecessor-version":[{"id":48235,"href":"https:\/\/fibertop.mmgrigliati.com\/es\/wp-json\/wp\/v2\/pages\/8849\/revisions\/48235"}],"wp:featuredmedia":[{"embeddable":true,"href":"https:\/\/fibertop.mmgrigliati.com\/es\/wp-json\/wp\/v2\/media\/11560"}],"wp:attachment":[{"href":"https:\/\/fibertop.mmgrigliati.com\/es\/wp-json\/wp\/v2\/media?parent=8849"}],"curies":[{"name":"wp","href":"https:\/\/api.w.org\/{rel}","templated":true}]}}