{"id":8848,"date":"2021-03-09T11:43:01","date_gmt":"2021-03-09T10:43:01","guid":{"rendered":"https:\/\/fibertop.mmgrigliati.com\/herstellungsverfahren\/"},"modified":"2024-07-03T11:12:54","modified_gmt":"2024-07-03T09:12:54","slug":"herstellungsverfahren","status":"publish","type":"page","link":"https:\/\/fibertop.mmgrigliati.com\/de\/herstellungsverfahren\/","title":{"rendered":"HERSTELLUNGSVERFAHREN"},"content":{"rendered":"<p>Gem\u00e4\u00df der EN 124:2015 geh\u00f6rt das Herstellungsverfahren der Schachtabdeckungen zur Klasse C2 (\u201cComposite material C2\u201d Punkt 4.2 Type of composite materials).<br \/>\nEs handelt sich um ein Formpre\u00dfverfahren in geschlossener Form unter Temperaturkontrolle (SMC)\u00a0mit dem Einsatz von duroplastischen Harzen (polyester resin), kurzen Glasfasern (chopped strand)\u00a0und verschiedenen F\u00fcllstoffen. Das Herstellungsverfahren garantiert eine ausgezeichnete Benetzbarkeit der Fasern von der Polymermatrix. Au\u00dferdem vermeidet es die Bildung von Luftblasen und erm\u00f6glicht eine ausgezeichnete interlaminare Koh\u00e4sion der Komponenten.<\/p>\n","protected":false},"excerpt":{"rendered":"<p>Gem\u00e4\u00df der EN 124:2015 geh\u00f6rt das Herstellungsverfahren der Schachtabdeckungen zur Klasse C2 (\u201cComposite material C2\u201d Punkt 4.2 Type of composite materials). Es handelt sich um ein Formpre\u00dfverfahren in geschlossener Form unter Temperaturkontrolle (SMC)\u00a0mit dem Einsatz von duroplastischen Harzen (polyester resin), kurzen Glasfasern (chopped strand)\u00a0und verschiedenen F\u00fcllstoffen. Das Herstellungsverfahren garantiert eine ausgezeichnete Benetzbarkeit der Fasern von der Polymermatrix. Au\u00dferdem vermeidet es [&hellip;]<\/p>\n","protected":false},"author":1,"featured_media":11559,"parent":0,"menu_order":25,"comment_status":"closed","ping_status":"closed","template":"page-processo-produttivo.php","meta":{"_acf_changed":false,"footnotes":""},"class_list":["post-8848","page","type-page","status-publish","has-post-thumbnail","hentry"],"acf":[],"yoast_head":"<!-- This site is optimized with the Yoast SEO plugin v26.7 - https:\/\/yoast.com\/wordpress\/plugins\/seo\/ -->\n<title>Herstellungsprozess von Verbundwerkstoff-Schachtabdeckungen<\/title>\n<meta name=\"description\" content=\"Fibertop-Verbundwerkstoff-Schachtabdeckungen f\u00fcr Stra\u00dfenmulden. Hergestellt aus duroplastischen Harzen und Glasfasern.\" \/>\n<meta name=\"robots\" content=\"index, follow, max-snippet:-1, max-image-preview:large, max-video-preview:-1\" \/>\n<link rel=\"canonical\" href=\"https:\/\/fibertop.mmgrigliati.com\/de\/herstellungsverfahren\/\" \/>\n<meta property=\"og:locale\" content=\"de_DE\" \/>\n<meta property=\"og:type\" content=\"article\" \/>\n<meta property=\"og:title\" content=\"Herstellungsprozess von Verbundwerkstoff-Schachtabdeckungen\" \/>\n<meta property=\"og:description\" content=\"Fibertop-Verbundwerkstoff-Schachtabdeckungen f\u00fcr Stra\u00dfenmulden. Hergestellt aus duroplastischen Harzen und Glasfasern.\" \/>\n<meta property=\"og:url\" content=\"https:\/\/fibertop.mmgrigliati.com\/de\/herstellungsverfahren\/\" \/>\n<meta property=\"og:site_name\" content=\"MM\" \/>\n<meta property=\"article:modified_time\" content=\"2024-07-03T09:12:54+00:00\" \/>\n<meta property=\"og:image\" content=\"https:\/\/fibertop.mmgrigliati.com\/wp-content\/uploads\/2021\/05\/pressa-2-607x1024-ok.jpg\" \/>\n\t<meta property=\"og:image:width\" content=\"607\" \/>\n\t<meta property=\"og:image:height\" content=\"1024\" \/>\n\t<meta property=\"og:image:type\" content=\"image\/jpeg\" \/>\n<meta name=\"twitter:card\" content=\"summary_large_image\" \/>\n<meta name=\"twitter:label1\" content=\"Gesch\u00e4tzte Lesezeit\" \/>\n\t<meta name=\"twitter:data1\" content=\"1\u00a0Minute\" \/>\n<script type=\"application\/ld+json\" class=\"yoast-schema-graph\">{\"@context\":\"https:\/\/schema.org\",\"@graph\":[{\"@type\":\"WebPage\",\"@id\":\"https:\/\/fibertop.mmgrigliati.com\/de\/herstellungsverfahren\/\",\"url\":\"https:\/\/fibertop.mmgrigliati.com\/de\/herstellungsverfahren\/\",\"name\":\"Herstellungsprozess von Verbundwerkstoff-Schachtabdeckungen\",\"isPartOf\":{\"@id\":\"https:\/\/fibertop.mmgrigliati.com\/#website\"},\"primaryImageOfPage\":{\"@id\":\"https:\/\/fibertop.mmgrigliati.com\/de\/herstellungsverfahren\/#primaryimage\"},\"image\":{\"@id\":\"https:\/\/fibertop.mmgrigliati.com\/de\/herstellungsverfahren\/#primaryimage\"},\"thumbnailUrl\":\"https:\/\/fibertop.mmgrigliati.com\/wp-content\/uploads\/2021\/05\/pressa-2-607x1024-ok.jpg\",\"datePublished\":\"2021-03-09T10:43:01+00:00\",\"dateModified\":\"2024-07-03T09:12:54+00:00\",\"description\":\"Fibertop-Verbundwerkstoff-Schachtabdeckungen f\u00fcr Stra\u00dfenmulden. Hergestellt aus duroplastischen Harzen und Glasfasern.\",\"breadcrumb\":{\"@id\":\"https:\/\/fibertop.mmgrigliati.com\/de\/herstellungsverfahren\/#breadcrumb\"},\"inLanguage\":\"de\",\"potentialAction\":[{\"@type\":\"ReadAction\",\"target\":[\"https:\/\/fibertop.mmgrigliati.com\/de\/herstellungsverfahren\/\"]}]},{\"@type\":\"ImageObject\",\"inLanguage\":\"de\",\"@id\":\"https:\/\/fibertop.mmgrigliati.com\/de\/herstellungsverfahren\/#primaryimage\",\"url\":\"https:\/\/fibertop.mmgrigliati.com\/wp-content\/uploads\/2021\/05\/pressa-2-607x1024-ok.jpg\",\"contentUrl\":\"https:\/\/fibertop.mmgrigliati.com\/wp-content\/uploads\/2021\/05\/pressa-2-607x1024-ok.jpg\",\"width\":607,\"height\":1024},{\"@type\":\"BreadcrumbList\",\"@id\":\"https:\/\/fibertop.mmgrigliati.com\/de\/herstellungsverfahren\/#breadcrumb\",\"itemListElement\":[{\"@type\":\"ListItem\",\"position\":1,\"name\":\"Home\",\"item\":\"https:\/\/fibertop.mmgrigliati.com\/\"},{\"@type\":\"ListItem\",\"position\":2,\"name\":\"HERSTELLUNGSVERFAHREN\"}]},{\"@type\":\"WebSite\",\"@id\":\"https:\/\/fibertop.mmgrigliati.com\/#website\",\"url\":\"https:\/\/fibertop.mmgrigliati.com\/\",\"name\":\"M.M.\",\"description\":\"We support your needs\",\"publisher\":{\"@id\":\"https:\/\/fibertop.mmgrigliati.com\/#organization\"},\"potentialAction\":[{\"@type\":\"SearchAction\",\"target\":{\"@type\":\"EntryPoint\",\"urlTemplate\":\"https:\/\/fibertop.mmgrigliati.com\/?s={search_term_string}\"},\"query-input\":{\"@type\":\"PropertyValueSpecification\",\"valueRequired\":true,\"valueName\":\"search_term_string\"}}],\"inLanguage\":\"de\"},{\"@type\":\"Organization\",\"@id\":\"https:\/\/fibertop.mmgrigliati.com\/#organization\",\"name\":\"M.M.\",\"url\":\"https:\/\/fibertop.mmgrigliati.com\/\",\"logo\":{\"@type\":\"ImageObject\",\"inLanguage\":\"de\",\"@id\":\"https:\/\/fibertop.mmgrigliati.com\/#\/schema\/logo\/image\/\",\"url\":\"https:\/\/fibertop.mmgrigliati.com\/wp-content\/uploads\/2020\/12\/logo_MM_blue-2.svg\",\"contentUrl\":\"https:\/\/fibertop.mmgrigliati.com\/wp-content\/uploads\/2020\/12\/logo_MM_blue-2.svg\",\"width\":520,\"height\":300,\"caption\":\"M.M.\"},\"image\":{\"@id\":\"https:\/\/fibertop.mmgrigliati.com\/#\/schema\/logo\/image\/\"}}]}<\/script>\n<!-- \/ Yoast SEO plugin. -->","yoast_head_json":{"title":"Herstellungsprozess von Verbundwerkstoff-Schachtabdeckungen","description":"Fibertop-Verbundwerkstoff-Schachtabdeckungen f\u00fcr Stra\u00dfenmulden. Hergestellt aus duroplastischen Harzen und Glasfasern.","robots":{"index":"index","follow":"follow","max-snippet":"max-snippet:-1","max-image-preview":"max-image-preview:large","max-video-preview":"max-video-preview:-1"},"canonical":"https:\/\/fibertop.mmgrigliati.com\/de\/herstellungsverfahren\/","og_locale":"de_DE","og_type":"article","og_title":"Herstellungsprozess von Verbundwerkstoff-Schachtabdeckungen","og_description":"Fibertop-Verbundwerkstoff-Schachtabdeckungen f\u00fcr Stra\u00dfenmulden. Hergestellt aus duroplastischen Harzen und Glasfasern.","og_url":"https:\/\/fibertop.mmgrigliati.com\/de\/herstellungsverfahren\/","og_site_name":"MM","article_modified_time":"2024-07-03T09:12:54+00:00","og_image":[{"width":607,"height":1024,"url":"https:\/\/fibertop.mmgrigliati.com\/wp-content\/uploads\/2021\/05\/pressa-2-607x1024-ok.jpg","type":"image\/jpeg"}],"twitter_card":"summary_large_image","twitter_misc":{"Gesch\u00e4tzte Lesezeit":"1\u00a0Minute"},"schema":{"@context":"https:\/\/schema.org","@graph":[{"@type":"WebPage","@id":"https:\/\/fibertop.mmgrigliati.com\/de\/herstellungsverfahren\/","url":"https:\/\/fibertop.mmgrigliati.com\/de\/herstellungsverfahren\/","name":"Herstellungsprozess von Verbundwerkstoff-Schachtabdeckungen","isPartOf":{"@id":"https:\/\/fibertop.mmgrigliati.com\/#website"},"primaryImageOfPage":{"@id":"https:\/\/fibertop.mmgrigliati.com\/de\/herstellungsverfahren\/#primaryimage"},"image":{"@id":"https:\/\/fibertop.mmgrigliati.com\/de\/herstellungsverfahren\/#primaryimage"},"thumbnailUrl":"https:\/\/fibertop.mmgrigliati.com\/wp-content\/uploads\/2021\/05\/pressa-2-607x1024-ok.jpg","datePublished":"2021-03-09T10:43:01+00:00","dateModified":"2024-07-03T09:12:54+00:00","description":"Fibertop-Verbundwerkstoff-Schachtabdeckungen f\u00fcr Stra\u00dfenmulden. Hergestellt aus duroplastischen Harzen und Glasfasern.","breadcrumb":{"@id":"https:\/\/fibertop.mmgrigliati.com\/de\/herstellungsverfahren\/#breadcrumb"},"inLanguage":"de","potentialAction":[{"@type":"ReadAction","target":["https:\/\/fibertop.mmgrigliati.com\/de\/herstellungsverfahren\/"]}]},{"@type":"ImageObject","inLanguage":"de","@id":"https:\/\/fibertop.mmgrigliati.com\/de\/herstellungsverfahren\/#primaryimage","url":"https:\/\/fibertop.mmgrigliati.com\/wp-content\/uploads\/2021\/05\/pressa-2-607x1024-ok.jpg","contentUrl":"https:\/\/fibertop.mmgrigliati.com\/wp-content\/uploads\/2021\/05\/pressa-2-607x1024-ok.jpg","width":607,"height":1024},{"@type":"BreadcrumbList","@id":"https:\/\/fibertop.mmgrigliati.com\/de\/herstellungsverfahren\/#breadcrumb","itemListElement":[{"@type":"ListItem","position":1,"name":"Home","item":"https:\/\/fibertop.mmgrigliati.com\/"},{"@type":"ListItem","position":2,"name":"HERSTELLUNGSVERFAHREN"}]},{"@type":"WebSite","@id":"https:\/\/fibertop.mmgrigliati.com\/#website","url":"https:\/\/fibertop.mmgrigliati.com\/","name":"M.M.","description":"We support your needs","publisher":{"@id":"https:\/\/fibertop.mmgrigliati.com\/#organization"},"potentialAction":[{"@type":"SearchAction","target":{"@type":"EntryPoint","urlTemplate":"https:\/\/fibertop.mmgrigliati.com\/?s={search_term_string}"},"query-input":{"@type":"PropertyValueSpecification","valueRequired":true,"valueName":"search_term_string"}}],"inLanguage":"de"},{"@type":"Organization","@id":"https:\/\/fibertop.mmgrigliati.com\/#organization","name":"M.M.","url":"https:\/\/fibertop.mmgrigliati.com\/","logo":{"@type":"ImageObject","inLanguage":"de","@id":"https:\/\/fibertop.mmgrigliati.com\/#\/schema\/logo\/image\/","url":"https:\/\/fibertop.mmgrigliati.com\/wp-content\/uploads\/2020\/12\/logo_MM_blue-2.svg","contentUrl":"https:\/\/fibertop.mmgrigliati.com\/wp-content\/uploads\/2020\/12\/logo_MM_blue-2.svg","width":520,"height":300,"caption":"M.M."},"image":{"@id":"https:\/\/fibertop.mmgrigliati.com\/#\/schema\/logo\/image\/"}}]}},"_links":{"self":[{"href":"https:\/\/fibertop.mmgrigliati.com\/de\/wp-json\/wp\/v2\/pages\/8848","targetHints":{"allow":["GET"]}}],"collection":[{"href":"https:\/\/fibertop.mmgrigliati.com\/de\/wp-json\/wp\/v2\/pages"}],"about":[{"href":"https:\/\/fibertop.mmgrigliati.com\/de\/wp-json\/wp\/v2\/types\/page"}],"author":[{"embeddable":true,"href":"https:\/\/fibertop.mmgrigliati.com\/de\/wp-json\/wp\/v2\/users\/1"}],"replies":[{"embeddable":true,"href":"https:\/\/fibertop.mmgrigliati.com\/de\/wp-json\/wp\/v2\/comments?post=8848"}],"version-history":[{"count":8,"href":"https:\/\/fibertop.mmgrigliati.com\/de\/wp-json\/wp\/v2\/pages\/8848\/revisions"}],"predecessor-version":[{"id":48233,"href":"https:\/\/fibertop.mmgrigliati.com\/de\/wp-json\/wp\/v2\/pages\/8848\/revisions\/48233"}],"wp:featuredmedia":[{"embeddable":true,"href":"https:\/\/fibertop.mmgrigliati.com\/de\/wp-json\/wp\/v2\/media\/11559"}],"wp:attachment":[{"href":"https:\/\/fibertop.mmgrigliati.com\/de\/wp-json\/wp\/v2\/media?parent=8848"}],"curies":[{"name":"wp","href":"https:\/\/api.w.org\/{rel}","templated":true}]}}