{"id":8830,"date":"2021-03-09T11:35:08","date_gmt":"2021-03-09T10:35:08","guid":{"rendered":"https:\/\/fibertop.mmgrigliati.com\/homepage\/hohe-festigkeit\/"},"modified":"2025-01-24T10:46:40","modified_gmt":"2025-01-24T09:46:40","slug":"hohe-festigkeit","status":"publish","type":"page","link":"https:\/\/fibertop.mmgrigliati.com\/de\/homepage\/hohe-festigkeit\/","title":{"rendered":"Hohe Festigkeit"},"content":{"rendered":"<p>FIBERTOP, der GFK-Schachtdeckel von M.M. hat die gleichen Belastungstests wie derjenige \u00a0aus Gusseisen gem\u00e4\u00df EN 124: 2015 bestanden und ist daher <strong>ebenso sicher und belastungsbest\u00e4ndig wie ein herk\u00f6mmlicher Schachtdeckel aus Gusseisen<\/strong>.<\/p>\n","protected":false},"excerpt":{"rendered":"<p>FIBERTOP, der GFK-Schachtdeckel von M.M. hat die gleichen Belastungstests wie derjenige \u00a0aus Gusseisen gem\u00e4\u00df EN 124: 2015 bestanden und ist daher ebenso sicher und belastungsbest\u00e4ndig wie ein herk\u00f6mmlicher Schachtdeckel aus Gusseisen.<\/p>\n","protected":false},"author":1,"featured_media":0,"parent":73,"menu_order":15,"comment_status":"closed","ping_status":"closed","template":"","meta":{"_acf_changed":false,"footnotes":""},"class_list":["post-8830","page","type-page","status-publish","hentry"],"acf":[],"yoast_head":"<!-- This site is optimized with the Yoast SEO plugin v26.7 - https:\/\/yoast.com\/wordpress\/plugins\/seo\/ -->\n<title>Hohe Festigkeit - MM<\/title>\n<meta name=\"robots\" content=\"index, follow, max-snippet:-1, max-image-preview:large, max-video-preview:-1\" \/>\n<link rel=\"canonical\" href=\"https:\/\/fibertop.mmgrigliati.com\/de\/homepage\/hohe-festigkeit\/\" \/>\n<meta property=\"og:locale\" content=\"de_DE\" \/>\n<meta property=\"og:type\" content=\"article\" \/>\n<meta property=\"og:title\" content=\"Hohe Festigkeit - MM\" \/>\n<meta property=\"og:description\" content=\"FIBERTOP, der GFK-Schachtdeckel von M.M. hat die gleichen Belastungstests wie derjenige \u00a0aus Gusseisen gem\u00e4\u00df EN 124: 2015 bestanden und ist daher ebenso sicher und belastungsbest\u00e4ndig wie ein herk\u00f6mmlicher Schachtdeckel aus Gusseisen.\" \/>\n<meta property=\"og:url\" content=\"https:\/\/fibertop.mmgrigliati.com\/de\/homepage\/hohe-festigkeit\/\" \/>\n<meta property=\"og:site_name\" content=\"MM\" \/>\n<meta property=\"article:modified_time\" content=\"2025-01-24T09:46:40+00:00\" \/>\n<meta name=\"twitter:card\" content=\"summary_large_image\" \/>\n<meta name=\"twitter:label1\" content=\"Gesch\u00e4tzte Lesezeit\" \/>\n\t<meta name=\"twitter:data1\" content=\"1\u00a0Minute\" \/>\n<script type=\"application\/ld+json\" class=\"yoast-schema-graph\">{\"@context\":\"https:\/\/schema.org\",\"@graph\":[{\"@type\":\"WebPage\",\"@id\":\"https:\/\/fibertop.mmgrigliati.com\/de\/homepage\/hohe-festigkeit\/\",\"url\":\"https:\/\/fibertop.mmgrigliati.com\/de\/homepage\/hohe-festigkeit\/\",\"name\":\"Hohe Festigkeit - MM\",\"isPartOf\":{\"@id\":\"https:\/\/fibertop.mmgrigliati.com\/#website\"},\"datePublished\":\"2021-03-09T10:35:08+00:00\",\"dateModified\":\"2025-01-24T09:46:40+00:00\",\"breadcrumb\":{\"@id\":\"https:\/\/fibertop.mmgrigliati.com\/de\/homepage\/hohe-festigkeit\/#breadcrumb\"},\"inLanguage\":\"de\",\"potentialAction\":[{\"@type\":\"ReadAction\",\"target\":[\"https:\/\/fibertop.mmgrigliati.com\/de\/homepage\/hohe-festigkeit\/\"]}]},{\"@type\":\"BreadcrumbList\",\"@id\":\"https:\/\/fibertop.mmgrigliati.com\/de\/homepage\/hohe-festigkeit\/#breadcrumb\",\"itemListElement\":[{\"@type\":\"ListItem\",\"position\":1,\"name\":\"Home\",\"item\":\"https:\/\/fibertop.mmgrigliati.com\/\"},{\"@type\":\"ListItem\",\"position\":2,\"name\":\"Homepage\",\"item\":\"https:\/\/fibertop.mmgrigliati.com\/\"},{\"@type\":\"ListItem\",\"position\":3,\"name\":\"Hohe Festigkeit\"}]},{\"@type\":\"WebSite\",\"@id\":\"https:\/\/fibertop.mmgrigliati.com\/#website\",\"url\":\"https:\/\/fibertop.mmgrigliati.com\/\",\"name\":\"M.M.\",\"description\":\"We support your needs\",\"publisher\":{\"@id\":\"https:\/\/fibertop.mmgrigliati.com\/#organization\"},\"potentialAction\":[{\"@type\":\"SearchAction\",\"target\":{\"@type\":\"EntryPoint\",\"urlTemplate\":\"https:\/\/fibertop.mmgrigliati.com\/?s={search_term_string}\"},\"query-input\":{\"@type\":\"PropertyValueSpecification\",\"valueRequired\":true,\"valueName\":\"search_term_string\"}}],\"inLanguage\":\"de\"},{\"@type\":\"Organization\",\"@id\":\"https:\/\/fibertop.mmgrigliati.com\/#organization\",\"name\":\"M.M.\",\"url\":\"https:\/\/fibertop.mmgrigliati.com\/\",\"logo\":{\"@type\":\"ImageObject\",\"inLanguage\":\"de\",\"@id\":\"https:\/\/fibertop.mmgrigliati.com\/#\/schema\/logo\/image\/\",\"url\":\"https:\/\/fibertop.mmgrigliati.com\/wp-content\/uploads\/2020\/12\/logo_MM_blue-2.svg\",\"contentUrl\":\"https:\/\/fibertop.mmgrigliati.com\/wp-content\/uploads\/2020\/12\/logo_MM_blue-2.svg\",\"width\":520,\"height\":300,\"caption\":\"M.M.\"},\"image\":{\"@id\":\"https:\/\/fibertop.mmgrigliati.com\/#\/schema\/logo\/image\/\"}}]}<\/script>\n<!-- \/ Yoast SEO plugin. -->","yoast_head_json":{"title":"Hohe Festigkeit - MM","robots":{"index":"index","follow":"follow","max-snippet":"max-snippet:-1","max-image-preview":"max-image-preview:large","max-video-preview":"max-video-preview:-1"},"canonical":"https:\/\/fibertop.mmgrigliati.com\/de\/homepage\/hohe-festigkeit\/","og_locale":"de_DE","og_type":"article","og_title":"Hohe Festigkeit - MM","og_description":"FIBERTOP, der GFK-Schachtdeckel von M.M. hat die gleichen Belastungstests wie derjenige \u00a0aus Gusseisen gem\u00e4\u00df EN 124: 2015 bestanden und ist daher ebenso sicher und belastungsbest\u00e4ndig wie ein herk\u00f6mmlicher Schachtdeckel aus Gusseisen.","og_url":"https:\/\/fibertop.mmgrigliati.com\/de\/homepage\/hohe-festigkeit\/","og_site_name":"MM","article_modified_time":"2025-01-24T09:46:40+00:00","twitter_card":"summary_large_image","twitter_misc":{"Gesch\u00e4tzte Lesezeit":"1\u00a0Minute"},"schema":{"@context":"https:\/\/schema.org","@graph":[{"@type":"WebPage","@id":"https:\/\/fibertop.mmgrigliati.com\/de\/homepage\/hohe-festigkeit\/","url":"https:\/\/fibertop.mmgrigliati.com\/de\/homepage\/hohe-festigkeit\/","name":"Hohe Festigkeit - MM","isPartOf":{"@id":"https:\/\/fibertop.mmgrigliati.com\/#website"},"datePublished":"2021-03-09T10:35:08+00:00","dateModified":"2025-01-24T09:46:40+00:00","breadcrumb":{"@id":"https:\/\/fibertop.mmgrigliati.com\/de\/homepage\/hohe-festigkeit\/#breadcrumb"},"inLanguage":"de","potentialAction":[{"@type":"ReadAction","target":["https:\/\/fibertop.mmgrigliati.com\/de\/homepage\/hohe-festigkeit\/"]}]},{"@type":"BreadcrumbList","@id":"https:\/\/fibertop.mmgrigliati.com\/de\/homepage\/hohe-festigkeit\/#breadcrumb","itemListElement":[{"@type":"ListItem","position":1,"name":"Home","item":"https:\/\/fibertop.mmgrigliati.com\/"},{"@type":"ListItem","position":2,"name":"Homepage","item":"https:\/\/fibertop.mmgrigliati.com\/"},{"@type":"ListItem","position":3,"name":"Hohe Festigkeit"}]},{"@type":"WebSite","@id":"https:\/\/fibertop.mmgrigliati.com\/#website","url":"https:\/\/fibertop.mmgrigliati.com\/","name":"M.M.","description":"We support your needs","publisher":{"@id":"https:\/\/fibertop.mmgrigliati.com\/#organization"},"potentialAction":[{"@type":"SearchAction","target":{"@type":"EntryPoint","urlTemplate":"https:\/\/fibertop.mmgrigliati.com\/?s={search_term_string}"},"query-input":{"@type":"PropertyValueSpecification","valueRequired":true,"valueName":"search_term_string"}}],"inLanguage":"de"},{"@type":"Organization","@id":"https:\/\/fibertop.mmgrigliati.com\/#organization","name":"M.M.","url":"https:\/\/fibertop.mmgrigliati.com\/","logo":{"@type":"ImageObject","inLanguage":"de","@id":"https:\/\/fibertop.mmgrigliati.com\/#\/schema\/logo\/image\/","url":"https:\/\/fibertop.mmgrigliati.com\/wp-content\/uploads\/2020\/12\/logo_MM_blue-2.svg","contentUrl":"https:\/\/fibertop.mmgrigliati.com\/wp-content\/uploads\/2020\/12\/logo_MM_blue-2.svg","width":520,"height":300,"caption":"M.M."},"image":{"@id":"https:\/\/fibertop.mmgrigliati.com\/#\/schema\/logo\/image\/"}}]}},"_links":{"self":[{"href":"https:\/\/fibertop.mmgrigliati.com\/de\/wp-json\/wp\/v2\/pages\/8830","targetHints":{"allow":["GET"]}}],"collection":[{"href":"https:\/\/fibertop.mmgrigliati.com\/de\/wp-json\/wp\/v2\/pages"}],"about":[{"href":"https:\/\/fibertop.mmgrigliati.com\/de\/wp-json\/wp\/v2\/types\/page"}],"author":[{"embeddable":true,"href":"https:\/\/fibertop.mmgrigliati.com\/de\/wp-json\/wp\/v2\/users\/1"}],"replies":[{"embeddable":true,"href":"https:\/\/fibertop.mmgrigliati.com\/de\/wp-json\/wp\/v2\/comments?post=8830"}],"version-history":[{"count":11,"href":"https:\/\/fibertop.mmgrigliati.com\/de\/wp-json\/wp\/v2\/pages\/8830\/revisions"}],"predecessor-version":[{"id":51794,"href":"https:\/\/fibertop.mmgrigliati.com\/de\/wp-json\/wp\/v2\/pages\/8830\/revisions\/51794"}],"up":[{"embeddable":true,"href":"https:\/\/fibertop.mmgrigliati.com\/de\/wp-json\/wp\/v2\/pages\/73"}],"wp:attachment":[{"href":"https:\/\/fibertop.mmgrigliati.com\/de\/wp-json\/wp\/v2\/media?parent=8830"}],"curies":[{"name":"wp","href":"https:\/\/api.w.org\/{rel}","templated":true}]}}